{"id":4,"date":"2021-07-29T11:42:24","date_gmt":"2021-07-29T11:42:24","guid":{"rendered":"https:\/\/kuvvetelektronik.com\/?page_id=4"},"modified":"2023-11-04T18:45:04","modified_gmt":"2023-11-04T18:45:04","slug":"home","status":"publish","type":"page","link":"https:\/\/kuvvetelektronik.com\/","title":{"rendered":"Home"},"content":{"rendered":"\n\n\t\t\t\t<img loading=\"lazy\" decoding=\"async\" src=\"https:\/\/kuvvetelektronik.com\/wp-content\/uploads\/2023\/11\/3081.jpg\" alt=\"3081\" itemprop=\"image\" height=\"900\" width=\"1600\" title=\"3081\" onerror=\"this.style.display='none'\"  \/>\n\t<p><em><strong>Yap\u0131m A\u015famas\u0131ndad\u0131r&#8230;<\/strong><\/em><\/p>\n<p><em><strong>info@kuvvetelektronik.com<\/strong><\/em><\/p>\n\t\t\t\t<img decoding=\"async\" src=\"https:\/\/kuvvetelektronik.com\/wp-content\/uploads\/2021\/07\/tech-news-post-featured-img-09.jpg\" alt=\"tech-news-post-featured-img-09\" title=\"tech-news-post-featured-img-09\" itemprop=\"image\"\/>\n\t\t\t<a href=\"https:\/\/kuvvetelektronik.com\/?cat=10\">Technology<\/a>\t\t\t<h6>\n\t\t\t\t<a href=https:\/\/kuvvetelektronik.com\/?p=758 title=\"The 'Sounds' of Space as NASA's Cassini Dives by Saturn\" tabindex=\"0\">The &#8216;Sounds&#8217; of Space as NASA&#8217;s Cassini Dives by Saturn<\/a>\t\t\t<\/h6>\n\t\t\t<a href=\"https:\/\/kuvvetelektronik.com\/?cat=3\">Apps<\/a>\t\t\t<h6>\n\t\t\t\t<a href=https:\/\/kuvvetelektronik.com\/?p=756 title=\"Broke a Glass? Someday You Might 3-D-Print a New One\" tabindex=\"0\">Broke a Glass? Someday You Might 3-D-Print a New One<\/a>\t\t\t<\/h6>\n\t\t\t<a href=\"https:\/\/kuvvetelektronik.com\/?cat=6\">Games<\/a>\t\t\t<h6>\n\t\t\t\t<a href=https:\/\/kuvvetelektronik.com\/?p=754 title=\"This Is a Giant Shipworm. You May Wish It Had Stayed In Its Tube.\" tabindex=\"0\">This Is a Giant Shipworm. You May Wish It Had Stayed In Its Tube.<\/a>\t\t\t<\/h6>\n\t\t\t<a href=\"https:\/\/kuvvetelektronik.com\/?cat=4\">Editors Pick<\/a>\t\t\t<h6>\n\t\t\t\t<a href=https:\/\/kuvvetelektronik.com\/?p=751 title=\"For Families of Teens at Microsoft Surface\" tabindex=\"0\">For Families of Teens at Microsoft Surface<\/a>\t\t\t<\/h6>\n<h5>\n\t\tEditor&#8217;s Pick\n\t<\/h5>\n\t\t\t<a href=\"#\" target=\"_self\" role=\"button\" aria-label=\"View All\" rel=\"noopener\">\n\t\t\t\t\t\t\tView All\n\t\t<\/a>\n\t<p>Sorry, we couldn&#8217;t find any posts. Please try a different search.<\/p>\n\t\t\t<form role=\"search\" method=\"get\" action=\"https:\/\/kuvvetelektronik.com\/\">\n\t<label>\n\t\tSearch for:\n\t\t<input type=\"search\"  placeholder=\"Search...\" value=\"\" name=\"s\" tabindex=\"-1\"\/>\n\t\t\t\t\t<button aria-label=\"Search Submit\">\n\t\t\t\tArama\n\t\t\t\t\n\t\t\t<\/button>\n\t\t\t<\/label>\n\t\t\t<input type=\"submit\" value=\"Arama\"\/>\n\t<\/form>\n\t\t<h5>Subscribe to Our Newsletter<\/h5>\t\t\t\n\t\t\t\t<p>gravida aliquet vulputate faucibus tristique odio.<\/p>\n<h3>\n\t\tTech Reviews\n\t<\/h3>\n\t\t\t<a href=\"#\" target=\"_self\" role=\"button\" aria-label=\"More in Tech Reviews\" rel=\"noopener\">\n\t\t\t\t\t\t\tMore in Tech Reviews\n\t\t<\/a>\n\t<p>Sorry, we couldn&#8217;t find any posts. Please try a different search.<\/p>\n\t\t\t<form role=\"search\" method=\"get\" action=\"https:\/\/kuvvetelektronik.com\/\">\n\t<label>\n\t\tSearch for:\n\t\t<input type=\"search\"  placeholder=\"Search...\" value=\"\" name=\"s\" tabindex=\"-1\"\/>\n\t\t\t\t\t<button aria-label=\"Search Submit\">\n\t\t\t\tArama\n\t\t\t\t\n\t\t\t<\/button>\n\t\t\t<\/label>\n\t\t\t<input type=\"submit\" value=\"Arama\"\/>\n\t<\/form>\n\t\t\t\t<img decoding=\"async\" src=\"https:\/\/kuvvetelektronik.com\/wp-content\/uploads\/2021\/07\/tech-news-promo-potrait-banner-img.jpg\" alt=\"tech-news-promo-potrait-banner-img\" title=\"tech-news-promo-potrait-banner-img\" itemprop=\"image\"\/>\n\t\t<h5>\n\t\tStay Connected\n\t<\/h5>\n\t\t\t<h6>TechWire News<\/h6>\t\t\t\n\t\t\t\t<p>2M+ Followers<\/p>\n\t\t\t<h6>@techwirenews<\/h6>\t\t\t\n\t\t\t\t<p>1.4M+ Followers<\/p>\n\t\t\t<h6>TechWire<\/h6>\t\t\t\n\t\t\t\t<p>4M+ Subscribers<\/p>\n\t\t\t\t<img decoding=\"async\" src=\"https:\/\/kuvvetelektronik.com\/wp-content\/uploads\/2021\/07\/teh-news-podcast-cta-figure-img.png\" alt=\"teh-news-podcast-cta-figure-img\" title=\"teh-news-podcast-cta-figure-img\" itemprop=\"image\"\/>\n\t\t\t<h6>TechWire Podcast<\/h6><h3>Listen to daily tech news podcast<\/h3>\t\t\t\n\t\t\t\t<p>Maecenas potenti non, turpis eget turpis gravida maecenas.<\/p>\n\t\t\t<a href=\"#\" target=\"_self\" role=\"button\" aria-label=\"Listen Now\" rel=\"noopener\">\n\t\t\t\t\t\t\tListen Now\n\t\t<\/a>\n<h3>\n\t\tMust Read\n\t<\/h3>\n\t\t\t<a href=\"#\" target=\"_self\" role=\"button\" aria-label=\"View All\" rel=\"noopener\">\n\t\t\t\t\t\t\tView All\n\t\t<\/a>\n\t<p>Sorry, we couldn&#8217;t find any posts. Please try a different search.<\/p>\n\t\t\t<form role=\"search\" method=\"get\" action=\"https:\/\/kuvvetelektronik.com\/\">\n\t<label>\n\t\tSearch for:\n\t\t<input type=\"search\"  placeholder=\"Search...\" value=\"\" name=\"s\" tabindex=\"-1\"\/>\n\t\t\t\t\t<button aria-label=\"Search Submit\">\n\t\t\t\tArama\n\t\t\t\t\n\t\t\t<\/button>\n\t\t\t<\/label>\n\t\t\t<input type=\"submit\" value=\"Arama\"\/>\n\t<\/form>\n\t<h4>\n\t\tTechnology\n\t<\/h4>\n\t\t\t<a href=\"#\" target=\"_self\" role=\"button\" aria-label=\"More in Technology\" rel=\"noopener\">\n\t\t\t\t\t\t\tMore in Technology\n\t\t<\/a>\n\t<p>Sorry, we couldn&#8217;t find any posts. Please try a different search.<\/p>\n\t\t\t<form role=\"search\" method=\"get\" action=\"https:\/\/kuvvetelektronik.com\/\">\n\t<label>\n\t\tSearch for:\n\t\t<input type=\"search\"  placeholder=\"Search...\" value=\"\" name=\"s\" tabindex=\"-1\"\/>\n\t\t\t\t\t<button aria-label=\"Search Submit\">\n\t\t\t\tArama\n\t\t\t\t\n\t\t\t<\/button>\n\t\t\t<\/label>\n\t\t\t<input type=\"submit\" value=\"Arama\"\/>\n\t<\/form>\n\t<h4>\n\t\tGadgets\n\t<\/h4>\n\t\t\t<a href=\"#\" target=\"_self\" role=\"button\" aria-label=\"More in Gadgets\" rel=\"noopener\">\n\t\t\t\t\t\t\tMore in Gadgets\n\t\t<\/a>\n\t<p>Sorry, we couldn&#8217;t find any posts. Please try a different search.<\/p>\n\t\t\t<form role=\"search\" method=\"get\" action=\"https:\/\/kuvvetelektronik.com\/\">\n\t<label>\n\t\tSearch for:\n\t\t<input type=\"search\"  placeholder=\"Search...\" value=\"\" name=\"s\" tabindex=\"-1\"\/>\n\t\t\t\t\t<button aria-label=\"Search Submit\">\n\t\t\t\tArama\n\t\t\t\t\n\t\t\t<\/button>\n\t\t\t<\/label>\n\t\t\t<input type=\"submit\" value=\"Arama\"\/>\n\t<\/form>\n\t<p>Sorry, we couldn&#8217;t find any posts. Please try a different search.<\/p>\n\t\t\t<form role=\"search\" method=\"get\" action=\"https:\/\/kuvvetelektronik.com\/\">\n\t<label>\n\t\tSearch for:\n\t\t<input type=\"search\"  placeholder=\"Search...\" value=\"\" name=\"s\" tabindex=\"-1\"\/>\n\t\t\t\t\t<button aria-label=\"Search Submit\">\n\t\t\t\tArama\n\t\t\t\t\n\t\t\t<\/button>\n\t\t\t<\/label>\n\t\t\t<input type=\"submit\" value=\"Arama\"\/>\n\t<\/form>\n\t<h4>\n\t\tSoftware\n\t<\/h4>\n\t\t\t<a href=\"#\" target=\"_self\" role=\"button\" aria-label=\"More in Sofrware\" rel=\"noopener\">\n\t\t\t\t\t\t\tMore in Sofrware\n\t\t<\/a>\n\t<p>Sorry, we couldn&#8217;t find any posts. Please try a different search.<\/p>\n\t\t\t<form role=\"search\" method=\"get\" action=\"https:\/\/kuvvetelektronik.com\/\">\n\t<label>\n\t\tSearch for:\n\t\t<input type=\"search\"  placeholder=\"Search...\" value=\"\" name=\"s\" tabindex=\"-1\"\/>\n\t\t\t\t\t<button aria-label=\"Search Submit\">\n\t\t\t\tArama\n\t\t\t\t\n\t\t\t<\/button>\n\t\t\t<\/label>\n\t\t\t<input type=\"submit\" value=\"Arama\"\/>\n\t<\/form>\n\t<p>Sorry, we couldn&#8217;t find any posts. Please try a different search.<\/p>\n\t\t\t<form role=\"search\" method=\"get\" action=\"https:\/\/kuvvetelektronik.com\/\">\n\t<label>\n\t\tSearch for:\n\t\t<input type=\"search\"  placeholder=\"Search...\" value=\"\" name=\"s\" tabindex=\"-1\"\/>\n\t\t\t\t\t<button aria-label=\"Search Submit\">\n\t\t\t\tArama\n\t\t\t\t\n\t\t\t<\/button>\n\t\t\t<\/label>\n\t\t\t<input type=\"submit\" value=\"Arama\"\/>\n\t<\/form>\n\t\t\t\t<a href=\"#\" target=\"_self\" itemprop=\"url\" rel=\"noopener\">\n\t\t\t\t<img decoding=\"async\" src=\"https:\/\/kuvvetelektronik.com\/wp-content\/uploads\/2021\/07\/tech-news-wide-promo-banner-placeholder.jpg\" alt=\"tech-news-wide-promo-banner-placeholder\" title=\"tech-news-wide-promo-banner-placeholder\" itemprop=\"image\"  \/>\n\t\t\t\t\t\t<\/a>\n<h4>\n\t\tGames\n\t<\/h4>\n\t\t\t<a href=\"#\" target=\"_self\" role=\"button\" aria-label=\"More in Game\" rel=\"noopener\">\n\t\t\t\t\t\t\tMore in Game\n\t\t<\/a>\n\t<p>Sorry, we couldn&#8217;t find any posts. Please try a different search.<\/p>\n\t\t\t<form role=\"search\" method=\"get\" action=\"https:\/\/kuvvetelektronik.com\/\">\n\t<label>\n\t\tSearch for:\n\t\t<input type=\"search\"  placeholder=\"Search...\" value=\"\" name=\"s\" tabindex=\"-1\"\/>\n\t\t\t\t\t<button aria-label=\"Search Submit\">\n\t\t\t\tArama\n\t\t\t\t\n\t\t\t<\/button>\n\t\t\t<\/label>\n\t\t\t<input type=\"submit\" value=\"Arama\"\/>\n\t<\/form>\n\t<h4>\n\t\tApps\n\t<\/h4>\n\t\t\t<a href=\"#\" target=\"_self\" role=\"button\" aria-label=\"More in Apps\" rel=\"noopener\">\n\t\t\t\t\t\t\tMore in Apps\n\t\t<\/a>\n\t<p>Sorry, we couldn&#8217;t find any posts. Please try a different search.<\/p>\n\t\t\t<form role=\"search\" method=\"get\" action=\"https:\/\/kuvvetelektronik.com\/\">\n\t<label>\n\t\tSearch for:\n\t\t<input type=\"search\"  placeholder=\"Search...\" value=\"\" name=\"s\" tabindex=\"-1\"\/>\n\t\t\t\t\t<button aria-label=\"Search Submit\">\n\t\t\t\tArama\n\t\t\t\t\n\t\t\t<\/button>\n\t\t\t<\/label>\n\t\t\t<input type=\"submit\" value=\"Arama\"\/>\n\t<\/form>\n\t\n","protected":false},"excerpt":{"rendered":"<p>Yap\u0131m A\u015famas\u0131ndad\u0131r&#8230; info@kuvvetelektronik.com Technology The &#8216;Sounds&#8217; of Space as NASA&#8217;s Cassini Dives by Saturn Apps Broke a Glass? Someday You Might 3-D-Print a New One Games This Is a Giant Shipworm. You May Wish It Had Stayed In Its Tube. [&hellip;]<\/p>\n","protected":false},"author":1,"featured_media":0,"parent":0,"menu_order":0,"comment_status":"closed","ping_status":"closed","template":"","meta":{"site-sidebar-layout":"no-sidebar","site-content-layout":"page-builder","ast-site-content-layout":"full-width-container","site-content-style":"unboxed","site-sidebar-style":"unboxed","ast-global-header-display":"","ast-banner-title-visibility":"","ast-main-header-display":"","ast-hfb-above-header-display":"","ast-hfb-below-header-display":"","ast-hfb-mobile-header-display":"","site-post-title":"disabled","ast-breadcrumbs-content":"disabled","ast-featured-img":"disabled","footer-sml-layout":"","ast-disable-related-posts":"","theme-transparent-header-meta":"enabled","adv-header-id-meta":"","stick-header-meta":"","header-above-stick-meta":"","header-main-stick-meta":"","header-below-stick-meta":"","astra-migrate-meta-layouts":"set","ast-page-background-enabled":"default","ast-page-background-meta":{"desktop":{"background-color":"","background-image":"","background-repeat":"repeat","background-position":"center center","background-size":"auto","background-attachment":"scroll","background-type":"","background-media":"","overlay-type":"","overlay-color":"","overlay-opacity":"","overlay-gradient":""},"tablet":{"background-color":"","background-image":"","background-repeat":"repeat","background-position":"center center","background-size":"auto","background-attachment":"scroll","background-type":"","background-media":"","overlay-type":"","overlay-color":"","overlay-opacity":"","overlay-gradient":""},"mobile":{"background-color":"","background-image":"","background-repeat":"repeat","background-position":"center center","background-size":"auto","background-attachment":"scroll","background-type":"","background-media":"","overlay-type":"","overlay-color":"","overlay-opacity":"","overlay-gradient":""}},"ast-content-background-meta":{"desktop":{"background-color":"var(--ast-global-color-5)","background-image":"","background-repeat":"repeat","background-position":"center center","background-size":"auto","background-attachment":"scroll","background-type":"","background-media":"","overlay-type":"","overlay-color":"","overlay-opacity":"","overlay-gradient":""},"tablet":{"background-color":"var(--ast-global-color-5)","background-image":"","background-repeat":"repeat","background-position":"center center","background-size":"auto","background-attachment":"scroll","background-type":"","background-media":"","overlay-type":"","overlay-color":"","overlay-opacity":"","overlay-gradient":""},"mobile":{"background-color":"var(--ast-global-color-5)","background-image":"","background-repeat":"repeat","background-position":"center center","background-size":"auto","background-attachment":"scroll","background-type":"","background-media":"","overlay-type":"","overlay-color":"","overlay-opacity":"","overlay-gradient":""}},"footnotes":""},"class_list":["post-4","page","type-page","status-publish","hentry"],"_links":{"self":[{"href":"https:\/\/kuvvetelektronik.com\/index.php?rest_route=\/wp\/v2\/pages\/4","targetHints":{"allow":["GET"]}}],"collection":[{"href":"https:\/\/kuvvetelektronik.com\/index.php?rest_route=\/wp\/v2\/pages"}],"about":[{"href":"https:\/\/kuvvetelektronik.com\/index.php?rest_route=\/wp\/v2\/types\/page"}],"author":[{"embeddable":true,"href":"https:\/\/kuvvetelektronik.com\/index.php?rest_route=\/wp\/v2\/users\/1"}],"replies":[{"embeddable":true,"href":"https:\/\/kuvvetelektronik.com\/index.php?rest_route=%2Fwp%2Fv2%2Fcomments&post=4"}],"version-history":[{"count":8,"href":"https:\/\/kuvvetelektronik.com\/index.php?rest_route=\/wp\/v2\/pages\/4\/revisions"}],"predecessor-version":[{"id":1431,"href":"https:\/\/kuvvetelektronik.com\/index.php?rest_route=\/wp\/v2\/pages\/4\/revisions\/1431"}],"wp:attachment":[{"href":"https:\/\/kuvvetelektronik.com\/index.php?rest_route=%2Fwp%2Fv2%2Fmedia&parent=4"}],"curies":[{"name":"wp","href":"https:\/\/api.w.org\/{rel}","templated":true}]}}